{"id":3252,"date":"2020-02-12T21:43:53","date_gmt":"2020-02-12T20:43:53","guid":{"rendered":"https:\/\/firearms-united.com\/?page_id=3252"},"modified":"2020-02-13T08:24:16","modified_gmt":"2020-02-13T07:24:16","slug":"competition-fundamentals","status":"publish","type":"page","link":"https:\/\/www.firearms-united.com\/de\/competition-fundamentals\/","title":{"rendered":""},"content":{"rendered":"<p class=\"qtranxs-available-languages-message qtranxs-available-languages-message-de\">Leider ist der Eintrag nur auf <a href=\"https:\/\/www.firearms-united.com\/en\/wp-json\/wp\/v2\/pages\/3252\" class=\"qtranxs-available-language-link qtranxs-available-language-link-en\" title=\"English\">Amerikanisches Englisch<\/a> verf\u00fcgbar. Der Inhalt wird unten in einer verf\u00fcgbaren Sprache angezeigt. Klicken Sie auf den Link, um die aktuelle Sprache zu \u00e4ndern.<\/p><p style=\"text-align: center;\"><strong>INTERNATIONAL TACTICAL SHOOTING (ITS)<\/strong><\/p>\n<p>With great pleasure I would like to inform you, that we have finished our sport competition rules for International Tactical Shooting (ITS). The rulebook is called Competition FUNdamentals and describes everything you need to run our sport events.<\/p>\n<p>If you&#8217;d like to join up and use the rules, you need to:<\/p>\n<p>&#8211; if you want just to use the rules &#8211; you need to become a support member of FUN;<\/p>\n<p>&#8211; if you want to use the rules and be able to modify them to make them better &#8211; you need to become a regular member of FUN,<\/p>\n<p>AND<\/p>\n<p>&#8211; to sign up a legal document to use FUN name and logo to promote International Tactical Shooting (ITS) events &#8211; free of charge.<\/p>\n<p>If you are interested in joining our growing family of ITS afficionados &#8211; please get in touch at<\/p>\n<p>tomasz.stepien@firearms-united.com<\/p>\n<p>Molon Labe","protected":false},"excerpt":{"rendered":"<p>Leider ist der Eintrag nur auf Amerikanisches Englisch verf\u00fcgbar. Der Inhalt wird unten in einer verf\u00fcgbaren Sprache angezeigt. Klicken Sie auf den Link, um die aktuelle Sprache zu \u00e4ndern.INTERNATIONAL TACTICAL SHOOTING (ITS) With great pleasure I would like to inform you, that we have finished our sport competition rules for International Tactical Shooting (ITS). The rulebook is called Competition FUNdamentals &#8230; <a href=\"https:\/\/www.firearms-united.com\/de\/competition-fundamentals\/\" class=\"more-link\">Read More<\/a><\/p>\n","protected":false},"author":383,"featured_media":0,"parent":0,"menu_order":0,"comment_status":"closed","ping_status":"closed","template":"template-layout-sidebar-content.php","meta":{"sfsi_plus_gutenberg_text_before_share":"","sfsi_plus_gutenberg_show_text_before_share":"","sfsi_plus_gutenberg_icon_type":"","sfsi_plus_gutenberg_icon_alignemt":"","sfsi_plus_gutenburg_max_per_row":""},"_links":{"self":[{"href":"https:\/\/www.firearms-united.com\/de\/wp-json\/wp\/v2\/pages\/3252"}],"collection":[{"href":"https:\/\/www.firearms-united.com\/de\/wp-json\/wp\/v2\/pages"}],"about":[{"href":"https:\/\/www.firearms-united.com\/de\/wp-json\/wp\/v2\/types\/page"}],"author":[{"embeddable":true,"href":"https:\/\/www.firearms-united.com\/de\/wp-json\/wp\/v2\/users\/383"}],"replies":[{"embeddable":true,"href":"https:\/\/www.firearms-united.com\/de\/wp-json\/wp\/v2\/comments?post=3252"}],"version-history":[{"count":13,"href":"https:\/\/www.firearms-united.com\/de\/wp-json\/wp\/v2\/pages\/3252\/revisions"}],"predecessor-version":[{"id":3269,"href":"https:\/\/www.firearms-united.com\/de\/wp-json\/wp\/v2\/pages\/3252\/revisions\/3269"}],"wp:attachment":[{"href":"https:\/\/www.firearms-united.com\/de\/wp-json\/wp\/v2\/media?parent=3252"}],"curies":[{"name":"wp","href":"https:\/\/api.w.org\/{rel}","templated":true}]}}