{"id":1594,"date":"2016-10-19T13:22:19","date_gmt":"2016-10-19T11:22:19","guid":{"rendered":"http:\/\/firearms-united.com\/?page_id=1594"},"modified":"2017-11-02T08:52:43","modified_gmt":"2017-11-02T07:52:43","slug":"firearms-directive-conference","status":"publish","type":"page","link":"https:\/\/www.firearms-united.com\/fi\/firearms-directive-conference\/","title":{"rendered":"ASEDIREKTIIVI 2016: Konferenssi Euroopan parlamentissa"},"content":{"rendered":"<h1 lang=\"fi-FI\">ASEDIREKTIIVI 2016: Konferenssi Euroopan parlamentissa<br \/>\n14:00 &#8211; 16:30<\/h1>\n<p lang=\"fi-FI\">Bryssel &#8211; 16\/11\/2016<\/p>\n<p lang=\"fi-FI\">Firearms United j\u00e4rjest\u00e4\u00e4 yhdess\u00e4 Europarlamentin kanssa konferenssin, jossa arvioidaan kuinka asedirektiivi vaikuttaa laittomien aseiden k\u00e4ytt\u00e4jiin ja saatavuuteen, laillisten aseiden omistajiin, lailliseen asekauppaan. T\u00e4m\u00e4n lis\u00e4ksi erityisen\u00e4 keskustelunaiheena on er\u00e4iden asetyyppien &#8221;vaarallisuus&#8221;.<\/p>\n<p lang=\"fi-FI\">EU-komissio julkaisi asedirektiiviehdotuksensa viikon sis\u00e4ll\u00e4 Pariisin valitettavien, laittomilla aseilla toteutettujen, tapahtumien j\u00e4lkeen. Komission vastaus ongelmaan oli yritt\u00e4\u00e4 kielt\u00e4\u00e4 lainkuuliaisilta kansalaisilta useiden eri asetyyppien omistaminen ja hallussapito sek\u00e4 takavarikoida ne. Ongelman \u201dakuutista luonteesta\u201d johtuen ehdotus piti ajaa l\u00e4pi v\u00e4litt\u00f6m\u00e4sti ilman mink\u00e4\u00e4nlaista tutkimusta direktiiviehdotuksen vaikutuksista. Nyt alusta l\u00e4htien valuvikaista direktiiviehdotusta on yritetty ep\u00e4toivoisesti paikata l\u00e4hes vuoden p\u00e4iv\u00e4t ja t\u00e4ll\u00e4 hetkell\u00e4 menossa olevat kolmikantaneuvottelut tulevat kest\u00e4m\u00e4\u00e4n useita kuukausia.<\/p>\n<h2 lang=\"fi-FI\">On siis aika keskustella siit\u00e4 kuinka ehdotus toteutuessaan vaikuttaa eri sidosryhmiin.<\/h2>\n<p lang=\"fi-FI\">T\u00e4m\u00e4 konferenssi antaa osallistujille mahdollisuuden kuulla tutkimustulokset ja vaikutusanalyysin ja arvioida kuinka t\u00e4m\u00e4 \u201dlaittomiin aseisiin\u201d kohdistuva direktiiviehdotus oikeasti vaikuttaa yli 100 000 000 kansalaiseen ja laillisten aseiden markkinoihin EU-alueella, jotka suoraan tai v\u00e4lillisesti ty\u00f6llist\u00e4v\u00e4t yli 580 000 ihmist\u00e4 pieniss\u00e4 ja keskisuurissa yrityksiss\u00e4. T\u00e4m\u00e4n lis\u00e4ksi pohditaan vaikutuksia mets\u00e4st\u00e4jiin, urheiluampujiin, reservil\u00e4isiin sek\u00e4 aseker\u00e4ilij\u00f6ihin.<\/p>\n<p lang=\"fi-FI\">Esityksiss\u00e4 ja keskusteluissa k\u00e4sitell\u00e4\u00e4n my\u00f6s uhkaa historiallisesti korvaamattoman arvokkaille tuliaseille, jotka ovat museoissa sek\u00e4 yksityiskokoelmissa, tiettyjen asetyyppien vaarallisuutta (puoliautomaatit, jotka muistuttavat sotilasaseita), laittomien aseiden markkinoita sek\u00e4 tehokkaita keinoja puuttua laittomaan asekauppaan sek\u00e4 keinoja est\u00e4\u00e4 tuliaseilla tehtyj\u00e4 rikoksia.<\/p>\n<h2 lang=\"fi-FI\">Ongelmat<\/h2>\n<p lang=\"fi-FI\">EU komissio perustelee asedirektiiviehdotustaan ongelmilla nykyisess\u00e4 direktiiviss\u00e4. Olemme k\u00e4yneet l\u00e4pi kaikki nelj\u00e4 EU-rahoitteista tutkimusta aiheesta ja vet\u00e4neet omat johtop\u00e4\u00e4t\u00f6ksemme, sek\u00e4 mahdolliset ratkaisut, joista haluaisimme keskustella konferenssissa.<\/p>\n<h3 lang=\"fi-FI\">PORSAANREI\u00c4T<\/h3>\n<p lang=\"fi-FI\">Nykydirektiivist\u00e4 puuttuu muutamia teknisi\u00e4 m\u00e4\u00e4ritelmi\u00e4, jotka rajaavat tietyt riskiryhm\u00e4t (huonosti deaktivoidut aseet, \u00e4\u00e4ni- ja kaasu-aseet) direktiivin ulkopuolelle. Samoin yhteiset pelis\u00e4\u00e4nn\u00f6t luvanvaraisille osille puuttuvat t\u00e4ll\u00e4 hetkell\u00e4.<\/p>\n<p lang=\"fi-FI\">Direktiivi toimii hyvin niiss\u00e4 maissa, joissa esimerkiksi deaktivointis\u00e4\u00e4d\u00f6kset ovat ajan tasalla, eik\u00e4 aseita voida muuttaa helposti takaisin toimintakuntoisiksi (Suomi, Iso-Britannia, Saksa, Italia) mutta joissain maassa deaktivoidut aseet voidaan helposti muuttaa j\u00e4lleen toimintakuntoisiksi.<\/p>\n<p lang=\"fi-FI\">Kuitenkin perusteet yhteisille deaktivointis\u00e4\u00e4d\u00f6ksille luotiin EU:n toimesta vuonna 2014.<\/p>\n<p lang=\"fi-FI\">V\u00e4itteet ker\u00e4ilij\u00f6iden omasta porsaanrei\u00e4st\u00e4, joka mahdollistaa mink\u00e4 tahansa aseiden ostamisen eiv\u00e4t my\u00f6sk\u00e4\u00e4n pid\u00e4 paikkaansa. Komission esimerkkin\u00e4 k\u00e4ytt\u00e4m\u00e4t tapaukset eiv\u00e4t olleet aseker\u00e4ilij\u00f6it\u00e4, vain laittomien aseiden ostajia ja v\u00e4litt\u00e4ji\u00e4.<\/p>\n<p lang=\"fi-FI\">Johtop\u00e4\u00e4t\u00f6ksemme: Jo vuosikymmenen ajan EU:lta on puuttunut yhdenmukaiset ohjeet aseiden deaktivoinnista, sek\u00e4 niiden muuntamisesta paukkupatruuna-aseiksi. Samoin olennaisten luvanvaraisten osien osalta puuttuu yhteiset m\u00e4\u00e4ritelm\u00e4t. Luvanvaraisten osien m\u00e4\u00e4ritelm\u00e4 on hyv\u00e4 yhdenmukaistaa, mutta (kunnolla) deaktivoidut aseet eiv\u00e4t en\u00e4\u00e4 kuulu asedirektiivin piiriin.<\/p>\n<h3 lang=\"fi-FI\">SUHTEETTOMAT VAIKUTUKSET<\/h3>\n<p lang=\"fi-FI\">Jos direktiivi toteutuisi t\u00e4ll\u00e4isen\u00e4\u00e4n, se muuttaisi noin 100 miljoonaa \u201dasetta\u201d (replicat, kopiot, deaktivoidut aseet, starttiaseet, kaasuaseet) sek\u00e4 suuren m\u00e4\u00e4r\u00e4n laillisesti hankittuja aseita laittomiksi yhdess\u00e4 y\u00f6ss\u00e4 ja loisi EU:n alueelle yli 100 miljoonaa laitonta \u201dasetta\u201d yhdess\u00e4 y\u00f6ss\u00e4.<\/p>\n<p lang=\"fi-FI\">Aseiden deaktivointi ehdotetuin standardein puolestaan tuhoaisi korvaamattoman arvokkaita historiallisia aseita, sek\u00e4 h\u00e4vitt\u00e4isi korvaamatonta kulttuuriperint\u00f6\u00e4.<\/p>\n<p lang=\"fi-FI\">Laillisten aseiden kauppiaat menett\u00e4isiv\u00e4t tulonsa, pahimmassa tapauksessa koko elinkeinonsa.<\/p>\n<p lang=\"fi-FI\">Luvattomaksi muuttuneiden aseiden takavarikointi sitoisi valtavan m\u00e4\u00e4r\u00e4n viranomaisresursseja ja veisi mahdollisuuksia puuttua laittomien aseiden kauppaan ja rikosten selvitt\u00e4miseen.<\/p>\n<p lang=\"fi-FI\">Johtop\u00e4\u00e4t\u00f6ksemme: Porsaanrei\u00e4t voitaisiin sulkea ilman yll\u00e4listattuja haittavaikutuksia, tekem\u00e4ll\u00e4 yhten\u00e4iset ohjeet koskien deaktivointia, kaasuaseita ja starttiaseita. T\u00e4m\u00e4n lis\u00e4ksi s\u00e4\u00e4styneet taloudelliset resurssit tulisi ohjata rajavalvontaan, viranomaisten v\u00e4lisen tiedonjakamisen tehostamiseen. N\u00e4in rajoitettaisiin laittomilla markkinoilla liikkuvien luvattomien aseiden m\u00e4\u00e4r\u00e4\u00e4n.<\/p>\n<h3 lang=\"fi-FI\">LAITTOMAN ASEKAUPAN RAJOITTAMINEN<\/h3>\n<p lang=\"fi-FI\">Tiedonv\u00e4litys viranomaisten v\u00e4lill\u00e4 on t\u00e4ll\u00e4 hetkell\u00e4 haastavaa. On ensiarvoisen t\u00e4rke\u00e4\u00e4, ett\u00e4 tieto maiden v\u00e4lill\u00e4 liikkuu tehokkaasti ja laittomaan asekauppaan ja aseiden ajautumiseen v\u00e4\u00e4riin k\u00e4siin voidaan puuttua koko EU:n alueella.<\/p>\n<p lang=\"fi-FI\">EU:n omat tutkimukset kertovat, ett\u00e4 n\u00e4iden ongelmien ratkaisemiseksi lupaehtoja tai kriteereit\u00e4 ei tarvitse tiukentaa. Sen sijaan tutkimukset suosittelevat yhten\u00e4istettyj\u00e4 kovempia rangaistuksia EU-alueella laittomasta asekaupasta, laittomasta aseiden valmistamisesta sek\u00e4 jakelusta. Rikollisten ei pit\u00e4isi p\u00e4\u00e4st\u00e4 kuin koira ver\u00e4j\u00e4st\u00e4 vain siksi, ett\u00e4 teko sattuu olemaan laillinen jossain EU-maassa, mutta rikos toisessa. Samoin tutkimukset ehdottavat ett\u00e4 jos ihminen ei ole jonkun maan mielest\u00e4 ole kelvollinen pit\u00e4m\u00e4\u00e4n hallussaan ampuma-aseita, t\u00e4m\u00e4n tiedon pit\u00e4isi olla saatavilla my\u00f6s muiden maiden viranomaisille.<\/p>\n<p lang=\"fi-FI\">Johtop\u00e4\u00e4t\u00f6ksemme on, ett\u00e4 komission ehdottamat rajoitukset eiv\u00e4t puutu varsinaiseen ongelmaan, joka on laittomien aseiden kauppa, vaan direktiiviehdotus \u2013 vastoin kaikkia suosituksia ja tutkimustuloksia \u2013 aiheuttaa kohtuutonta haittaa lainkuuliaisille kansalaisille.<\/p>\n<h3 lang=\"fi-FI\">RIKOLLISUUS JA TERRORISMI<\/h3>\n<p lang=\"fi-FI\">Rikolliset ja terroristit pyrkiv\u00e4t vaikuttamaan pehmeisiin kohteisiin, eli puolustuskyvytt\u00f6miin kansalaisiin. Mik\u00e4li direktiivi menee l\u00e4pi nykymuodossaan, se hankaloittaa entisest\u00e4\u00e4n lainkuuliaisten kansalaisten mahdollisuuksia puolustaa itse\u00e4\u00e4n ja luo lis\u00e4\u00e4 toimintaedellytyksi\u00e4 terroristeille ja rikollisille. T\u00e4st\u00e4 syyst\u00e4 muun muassa useat poliitikot, mukaanluettuna Tsekin presidentti, vaativat niin sanotun \u201dIsraelin mallin\u201d k\u00e4ytt\u00f6\u00f6nottoa, eli he vaativat suojeluaseita lainkuuliaisille kansalaisille.<\/p>\n<p lang=\"fi-FI\">Jopa viimeisin EU-tutkimus ampuma-aseiden v\u00e4\u00e4rink\u00e4yt\u00f6st\u00e4 (Toukokuu 2016) tuli siihen tulokseen, ett\u00e4 laillisten aseiden suuri m\u00e4\u00e4r\u00e4 itseasiassa voi v\u00e4hent\u00e4\u00e4 rikollisten toimintaedellytyksi\u00e4.<\/p>\n<p lang=\"fi-FI\">Johtop\u00e4\u00e4t\u00f6ksemme: Lainkuuliaisten kansalaisten aseistariisuminen kieltojen, lis\u00e4rajoitusten sek\u00e4 lis\u00e4\u00e4ntyneiden kustannusten avulla auttaa vain ja ainoastaan terroristeja sek\u00e4 rikollisia. L\u00e4hin esimerkki t\u00e4st\u00e4 on Ison-Britannian k\u00e4siasekielto, joka aiheutti laittomilla aseilla tapahtuvan rikollisuuden r\u00e4j\u00e4ht\u00e4misen k\u00e4siin.<\/p>\n<h3 lang=\"fi-FI\">Tietoa tapahtumasta<\/h3>\n<p lang=\"fi-FI\"><strong>P\u00e4iv\u00e4m\u00e4\u00e4r\u00e4<\/strong>: 16.11.2016<br \/>\n<strong>Aika<\/strong>: 14:00 &#8211; 16:30<br \/>\nTilaisuuteen on vapaa p\u00e4\u00e4sy<br \/>\nTarjoilu alkaa klo 13:30<br \/>\n<strong>Tapahtumapaikka<\/strong>: Euroopan parlamentti, Rue Wiertz 60, 1047 Bryssel &#8211; kokoushuone PHS 1A002, rakennus \u201dPaul-Henri Spaak\u201d<\/p>","protected":false},"excerpt":{"rendered":"<p>ASEDIREKTIIVI 2016: Konferenssi Euroopan parlamentissa 14:00 &#8211; 16:30 Bryssel &#8211; 16\/11\/2016 Firearms United j\u00e4rjest\u00e4\u00e4 yhdess\u00e4 Europarlamentin kanssa konferenssin, jossa arvioidaan kuinka asedirektiivi vaikuttaa laittomien aseiden k\u00e4ytt\u00e4jiin ja saatavuuteen, laillisten aseiden omistajiin, lailliseen asekauppaan. T\u00e4m\u00e4n lis\u00e4ksi erityisen\u00e4 keskustelunaiheena on er\u00e4iden asetyyppien &#8221;vaarallisuus&#8221;. EU-komissio julkaisi asedirektiiviehdotuksensa viikon sis\u00e4ll\u00e4 Pariisin valitettavien, laittomilla aseilla toteutettujen, tapahtumien j\u00e4lkeen. Komission vastaus ongelmaan oli yritt\u00e4\u00e4 kielt\u00e4\u00e4 lainkuuliaisilta &#8230; <a href=\"https:\/\/www.firearms-united.com\/fi\/firearms-directive-conference\/\" class=\"more-link\">Read More<\/a><\/p>\n","protected":false},"author":2,"featured_media":1601,"parent":0,"menu_order":0,"comment_status":"closed","ping_status":"closed","template":"","meta":{"sfsi_plus_gutenberg_text_before_share":"","sfsi_plus_gutenberg_show_text_before_share":"","sfsi_plus_gutenberg_icon_type":"","sfsi_plus_gutenberg_icon_alignemt":"","sfsi_plus_gutenburg_max_per_row":""},"_links":{"self":[{"href":"https:\/\/www.firearms-united.com\/fi\/wp-json\/wp\/v2\/pages\/1594"}],"collection":[{"href":"https:\/\/www.firearms-united.com\/fi\/wp-json\/wp\/v2\/pages"}],"about":[{"href":"https:\/\/www.firearms-united.com\/fi\/wp-json\/wp\/v2\/types\/page"}],"author":[{"embeddable":true,"href":"https:\/\/www.firearms-united.com\/fi\/wp-json\/wp\/v2\/users\/2"}],"replies":[{"embeddable":true,"href":"https:\/\/www.firearms-united.com\/fi\/wp-json\/wp\/v2\/comments?post=1594"}],"version-history":[{"count":68,"href":"https:\/\/www.firearms-united.com\/fi\/wp-json\/wp\/v2\/pages\/1594\/revisions"}],"predecessor-version":[{"id":2828,"href":"https:\/\/www.firearms-united.com\/fi\/wp-json\/wp\/v2\/pages\/1594\/revisions\/2828"}],"wp:featuredmedia":[{"embeddable":true,"href":"https:\/\/www.firearms-united.com\/fi\/wp-json\/wp\/v2\/media\/1601"}],"wp:attachment":[{"href":"https:\/\/www.firearms-united.com\/fi\/wp-json\/wp\/v2\/media?parent=1594"}],"curies":[{"name":"wp","href":"https:\/\/api.w.org\/{rel}","templated":true}]}}