{"id":1594,"date":"2016-10-19T13:22:19","date_gmt":"2016-10-19T11:22:19","guid":{"rendered":"http:\/\/firearms-united.com\/?page_id=1594"},"modified":"2017-11-02T08:52:43","modified_gmt":"2017-11-02T07:52:43","slug":"firearms-directive-conference","status":"publish","type":"page","link":"https:\/\/www.firearms-united.com\/pl\/firearms-directive-conference\/","title":{"rendered":"Konferencja nt. Dyrektywy o Broni Palnej"},"content":{"rendered":"<h1>Bruksela \u2013 16\/11\/2016<br \/>\n14:00 &#8211; 16:30<br \/>\nKonferencja na temat Dyrektywy w Parlamencie Europejskim<\/h1>\n<h3 style=\"text-align: justify;\"><em>Podczas tej konferencji dokonamy oceny wp\u0142ywu Dyrektywy na nielegalnych handlarzy broni\u0105, prywatnych posiadaczy broni i na cywilny rynek broni. Rozprawimy si\u0119 r\u00f3wnie\u017c z mitem o &#8222;szczeg\u00f3lnie gro\u017anych&#8221; rodzajach broni, oraz poka\u017cemy \u017ar\u00f3d\u0142a i pochodzenie broni nielegalnej. <\/em><\/h3>\n<p style=\"text-align: justify;\">Komisja Europejska opublikowa\u0142a wniosek dotycz\u0105cy zmiany dyrektywy w sprawie broni palnej w ci\u0105gu tygodnia od ohydnych atak\u00f3w terrorystycznych w Pary\u017cu, w kt\u00f3rych zosta\u0142a wykorzystana nielegalna bro\u0144 palna. Odpowiedzi\u0105 Komisji jest propozycja masowego zakazu i konfiskata kilku typ\u00f3w broni palnej b\u0119d\u0105cej obecnie w posiadaniu przez przestrzegaj\u0105cych prawa obywateli. Zas\u0142aniaj\u0105c si\u0119 &#8222;pilno\u015bci\u0105&#8221; dzia\u0142a\u0144, Komisja Europejska zaproponowa\u0142a te sporne \u015brodki bez \u017cadnej oceny skutk\u00f3w prawnych i ekonomicznych. Jednak ta nieprzemy\u015blana dyrektywa znalaz\u0142a si\u0119 pod ostrza\u0142em wielu \u015brodowisk, a dyskusje ci\u0105gn\u0119\u0142y si\u0119 przez ponad dwana\u015bcie miesi\u0119cy. A negocjacje w czasie rozm\u00f3w tr\u00f3jstronnych b\u0119d\u0105 trwa\u0107 przez co najmniej kilka kolejnych miesi\u0119cy.<\/p>\n<h4 style=\"text-align: justify;\">Nadszed\u0142 czas, aby om\u00f3wi\u0107 skutki!<\/h4>\n<p style=\"text-align: justify;\">Konferencja ta pozwoli uczestnikom rozwa\u017cy\u0107 nasze ustalenia i analizy, oraz oceni\u0107 czy minimalny wp\u0142yw dyrektywy na nielegalny handel broni\u0105 uzasadnia konsekwencje dla ponad 100.000.000 obywateli i rynek cywilny, kt\u00f3ra zapewnia ponad 580.000 miejsc pracy w ma\u0142ych i \u015brednich przedsi\u0119biorstwach. Przedsi\u0119biorstwa te s\u0105 zale\u017cne od my\u015bliwych, strzelc\u00f3w rekreacyjnych i kolekcjoner\u00f3w.<\/p>\n<p style=\"text-align: justify;\">Prezentacje i dyskusje b\u0119d\u0105 obejmowa\u0107 r\u00f3wnie\u017c zagro\u017cenie dla bezcennej broni historycznej posiadanej przez muzea i kolekcjoner\u00f3w, tak zwane &#8222;szczeg\u00f3ln\u0105 gro\u017ano\u015b\u0107&#8221; pewnych rodzaj\u00f3w broni palnej, \u017ar\u00f3d\u0142a nielegalnego obrotu i skuteczne \u015brodki niezb\u0119dne do zwalczania nielegalnego handlu broni\u0105 i minimalizacj\u0119 \u015bmierci zwi\u0105zanej z broni\u0105 paln\u0105.<\/p>\n<hr \/>\n<h2>Draft of the agenda of the conference<\/h2>\n<p><strong><img decoding=\"async\" loading=\"lazy\" class=\"alignleft \" src=\"https:\/\/conference.firearms-united.com\/wp-content\/uploads\/2016\/10\/Bild1.jpg\" alt=\"\" width=\"92\" height=\"92\" \/>Welcome by MEP BERND K\u00d6LMEL<\/strong><\/p>\n<p>Deputy Federal President of ALFA party, former policeman, lawyer at District Court and Federal Constitutional Court in Germany<\/p>\n<p><strong><img decoding=\"async\" loading=\"lazy\" class=\"alignleft \" src=\"https:\/\/conference.firearms-united.com\/wp-content\/uploads\/2016\/10\/Bild2.jpg\" alt=\"\" width=\"100\" height=\"100\" \/>Introduction by MEP DITA CHARANZOVA<\/strong><\/p>\n<p>Shadow rapporteur for ALDE in Committee IMCO at the Trilogue<\/p>\n<p>&nbsp;<\/p>\n<p><strong>MEP J<img decoding=\"async\" loading=\"lazy\" class=\"alignleft \" src=\"https:\/\/conference.firearms-united.com\/wp-content\/uploads\/2016\/10\/Bild3.jpg\" alt=\"\" width=\"100\" height=\"100\" \/>USSI HALLA-AHO<\/strong><\/p>\n<p>Member of the European Parliament and of both relevant Committees (LIBE and IMCO).<\/p>\n<p>&nbsp;<\/p>\n<p><strong>STEPHEN<img decoding=\"async\" loading=\"lazy\" class=\" alignleft\" src=\"https:\/\/conference.firearms-united.com\/wp-content\/uploads\/2016\/10\/stephen_avatar.jpg\" alt=\"\" width=\"100\" height=\"100\" \/> A. PETRONI<\/strong><\/p>\n<p>FESAC \u2013 Chairman of Foundation for European Societies of Arms Collectors, AMACS \u2013 President of Association of Maltese Arms Collectors &amp; Shooters, ESSF \u2013 Board Member of European Sports Shooting Forum<\/p>\n<p><strong><img decoding=\"async\" loading=\"lazy\" class=\"alignleft \" src=\"https:\/\/conference.firearms-united.com\/wp-content\/uploads\/2016\/10\/Katja-Triebel.png\" alt=\"\" width=\"100\" height=\"100\" \/>KATJA TRIEBEL<br \/>\n<\/strong><\/p>\n<p>FIREARMS UNITED \u2013 Board Member, PR and Research, GERMAN RIFLE ASSOCIATION \u2013 Board Member, PR and Research Business Representative, Managing Director of Triebel GmbH<\/p>\n<p><strong><img decoding=\"async\" loading=\"lazy\" class=\"alignleft \" src=\"https:\/\/conference.firearms-united.com\/wp-content\/uploads\/2016\/10\/tomasz.jpg\" alt=\"\" width=\"100\" height=\"100\" \/><br \/>\nTOMASZ STEPIEN<\/strong><\/p>\n<p>FIREARMS UNITED \u2013 President<\/p>\n<p>&nbsp;<\/p>\n<hr \/>\n<h2><strong>Informacje:<\/strong><\/h2>\n<p><strong>DATA: <em>16.11.2016<\/em><\/strong><br \/>\n<strong>GODZINA:<em> 14:00 \u2013 16:30<\/em><\/strong><br \/>\n<strong>WST\u0118P:<em>\u00a0wolny<\/em><\/strong><br \/>\n<strong>KATERING: <em>starts at 13:30<\/em><\/strong><br \/>\n<strong>VENUE: <em>European Parliament, Rue Wiertz 60, 1047 Brussels \u2013 Room PHS 1A002, Paul-Henri<\/em> Spaak building<\/strong><\/p>\n<p><strong><span style=\"color: #ff0000;\">Ko\u0144cowe potwierdzenie przybycia\u00a0musi zosta\u0107 potwierdzone do 9 Listopada\u00a02016<\/span><br \/>\n<\/strong><strong>na naszej\u00a0<a href=\"https:\/\/conference.firearms-united.com\/#accreditation\">website<\/a>\u00a0lub za pomoc\u0105 e-mail\u00a0<span style=\"text-decoration: underline;\">conference(at)firearms-united.com<\/span><br \/>\n<\/strong>podaj\u0105c swoje imi\u0119, nazwisko, dat\u0119 urodzenia, obywatelstwo i\u00a0dokument to\u017csamo\u015bci.<\/p>\n<p>W zwi\u0105zku z podniesionym poziomem bezpiecze\u0144stwa w Brukseli, uczestnicy proszeni s\u0105 o przybycie 45min przed wyznaczonym czasem (czyli spotkanie o 12:30-12.45) pod wej\u015bciem g\u0142\u00f3wnym, APS Altiero Spinelli Building, European Parliament \u2013 1047 Ixelles, Brussels.<\/p>\n<p>Uczestnicy zostan\u0105 poproszeni o okazanie swoich dokument\u00f3w to\u017csamo\u015bci.<\/p>\n<h3>PUNKT SPOTKANIA:<\/h3>\n<p><iframe loading=\"lazy\" src=\"https:\/\/www.google.com\/maps\/embed?pb=!1m18!1m12!1m3!1d1455.4918832938895!2d4.373398450907094!3d50.83926048264879!2m3!1f0!2f0!3f0!3m2!1i1024!2i768!4f13.1!3m3!1m2!1s0x47c3c49bae3c083d%3A0xec08ace4bba37fea!2sLuxemburg!5e0!3m2!1spl!2spl!4v1476875870910\" width=\"600\" height=\"450\" frameborder=\"0\" allowfullscreen=\"allowfullscreen\"><\/iframe><\/p>\n<hr \/>\n<h2><strong>PROBLEMY<\/strong><\/h2>\n<h4>Odno\u015bnie zagadnie\u0144 na\u015bwietlonych przez Komisj\u0119 Europejsk\u0105, przy uwzgl\u0119dnieniu wszystkich czterech bada\u0144 Unii Europejskiej na ten temat, doszli\u015bmy do swoich w\u0142asnych wniosk\u00f3w, kt\u00f3re pragniemy om\u00f3wi\u0107 na konferencji.<\/h4>\n<p><img decoding=\"async\" loading=\"lazy\" class=\"alignright size-full wp-image-1603\" src=\"http:\/\/firearms-united.com\/wp-content\/uploads\/2016\/10\/foto.jpg\" alt=\"problems\" width=\"960\" height=\"640\" srcset=\"https:\/\/www.firearms-united.com\/wp-content\/uploads\/2016\/10\/foto.jpg 960w, https:\/\/www.firearms-united.com\/wp-content\/uploads\/2016\/10\/foto-300x200.jpg 300w, https:\/\/www.firearms-united.com\/wp-content\/uploads\/2016\/10\/foto-768x512.jpg 768w, https:\/\/www.firearms-united.com\/wp-content\/uploads\/2016\/10\/foto-600x400.jpg 600w, https:\/\/www.firearms-united.com\/wp-content\/uploads\/2016\/10\/foto-624x416.jpg 624w\" sizes=\"(max-width: 960px) 100vw, 960px\" \/><\/p>\n<h3><strong>LUKI PRAWNE<\/strong><\/h3>\n<p style=\"text-align: justify;\">Luki prawne obejmuj\u0105 wymogi techniczne dotycz\u0105ce broni, kt\u00f3rej nie ma w dyrektywie. Broni pozbawionej cech u\u017cytkowych, broni alarmowej, broni hukowej, oraz &#8222;istotnych cz\u0119\u015bci&#8221; sprzedawanych osobno.<\/p>\n<p style=\"text-align: justify;\">Podstawy dla ujednoliconej definicji zosta\u0142y stworzone ju\u017c w 2014 przez badania UE i mog\u0142y zosta\u0107 przyj\u0119te ju\u017c na pocz\u0105tku 2015. Zamiast tego jednak, w Listopadzie 2015 roku przyj\u0119to jedynie rudymentarn\u0105 wersj\u0119 definicji broni pozbawionej cech u\u017cytkowych.<\/p>\n<p style=\"text-align: justify;\">Nie ma luk prawnych w przypadku kolekcjoner\u00f3w kupuj\u0105cych jak\u0105kolwiek bro\u0144 od kategorii A po D. Przytoczone przyk\u0142ady maja zastosowanie wy\u0142\u0105cznie w przypadku \u201eciu\u0142aczy broni\u201d kt\u00f3rzy sprowadzaj\u0105, kupuj\u0105 i\/lub przechowuj\u0105 \u201ebro\u0144 spoza definicji\u201d broni nielegalnej.<\/p>\n<blockquote>\n<p style=\"text-align: justify;\"><strong>Nasze Wnioski<\/strong>: Przez ponad dekad\u0119, Unia Europejska nie posiada\u0142a ujednoliconej definicji dla broni \u201e\u0142atwej do konwersji\u201d ani te\u017c \u201eistotnych cz\u0119\u015bci\u201d broni. Definicje UE dla tych artyku\u0142\u00f3w mo\u017cna przyj\u0105\u0107 poza Dyrektyw\u0105 do broni. Wszystkie brakuj\u0105ce definicje nale\u017cy przyj\u0105\u0107 jak najszybciej. Definicja \u201ebroni pozbawionej cech u\u017cytkowych\u201d powinna zosta\u0107 uniewa\u017cniona z uwagi na jej praktyczne zastosowanie.<\/p>\n<\/blockquote>\n<h3><strong>KONSEKWENCJE<\/strong><\/h3>\n<p style=\"text-align: justify;\">Delegalizacja kilkuset milion\u00f3w sztuk broni nie obj\u0119tych dyrektyw\u0105 (replik, imitacji, broni pozbawionej cech u\u017cytkowych) podobnie jak posiadanej legalnie broni d\u0142ugiej skryminalizuje i pozbawi w\u0142asno\u015bci ponad 100 milion\u00f3w obywateli (co zaowocuje gwa\u0142townym wzrostem ilo\u015bci broni posiadanej nielegalnie).<\/p>\n<p style=\"text-align: justify;\">Bro\u0144 pozbawiona cech u\u017cytkowej \u00a0\u2013 zgodnie z rygorystycznymi normami \u2013 b\u0119d\u0105ca w posiadaniu muze\u00f3w i kolekcjoner\u00f3w doprowadzi do uszkodzenia historycznych eksponat\u00f3w. \u0179r\u00f3d\u0142o utrzymania strac\u0105 uczciwi producenci i handlowcy.<\/p>\n<p style=\"text-align: justify;\">Konfiskaty I naloty ze strony w\u0142adz na \u015bwie\u017co skryminalizowanych posiadaczy, maj\u0105ce na celu w wyegzekwowania prawa, spowoduj\u0105 bardzo powa\u017cny wzrost koszt\u00f3w. \u015arodki potrzebne do walki ze zorganizowan\u0105 przest\u0119pczo\u015bci\u0105 zostan\u0105 zu\u017cyte na prze\u015bladowanie uczciwych posiadaczy broni.<\/p>\n<blockquote>\n<p style=\"text-align: justify;\">Nasze wnioski: Nowe, ujednolicone wytyczne \u2013 bez modyfikowania Dyrektywy \u2013 pozwoli\u0142yby zlikwidowa\u0107, b\u0105d\u017a ograniczy\u0107 do minimum cztery powy\u017csze luki w prawie przy o wiele mniejszych kosztach dla w\u0142adz.<\/p>\n<p style=\"text-align: justify;\">Nak\u0142ady na ochron\u0119 naszych granic, prowadzenie dochodze\u0144, wymian\u0119 informacji i ujednolicenie minimalnych kar za nielegalny obr\u00f3t broni\u0105 pozwoli\u0142oby na rozprawienie si\u0119 z prowodyrami czarnego rynku.<\/p>\n<\/blockquote>\n<h3><strong>ZWALCZANIE NIELEGALNEGO HANDLU BRONI\u0104<\/strong><\/h3>\n<p style=\"text-align: justify;\">Mi\u0119dzynarodowy system \u015bcigania przest\u0119pstw nie funkcjonuje, za\u015b wymiana informacji o historii notowania za przest\u0119pstwa pozostawia wiele do \u017cyczenia.<\/p>\n<p style=\"text-align: justify;\">UE przedstawi\u0142a 4 badania na temat luk w prawie I nielegalnego handle broni\u0105, kt\u00f3re zosta\u0142y opublikowane pomi\u0119dzy Lipcem 2014 a Majem 2016. Wszystkie cztery wykaza\u0142y BRAK PODSTAW do nak\u0142adania dalszych restrykcji dotycz\u0105cych obecnej kategorii od A do D ani zwi\u0119kszenia kontroli nad posiadaczami licencji poniewa\u017c nie (na chwil\u0119 obecn\u0105) nie ma po temu przes\u0142anek a zatem takie dzia\u0142ania by\u0142yby oparte wy\u0142\u0105cznie na domys\u0142ach.<\/p>\n<p style=\"text-align: justify;\">Badania te, postuluj\u0105 natomiast, ujednolicenie kar za nielegalne wytwarzanie, dystrybucj\u0119 i posiadane broni gdy\u017c wy\u0142\u0105cznie takie dzia\u0142anie pozwoli skutecznie pozbawi\u0107 przest\u0119pc\u00f3w mo\u017cliwo\u015bci unikni\u0119cia kary tylko dlatego, \u017ce pope\u0142nili przest\u0119pstwo po drugiej stronie granicy.<\/p>\n<p style=\"text-align: justify;\">Ta sugestia wymaga lepszej wymiany informacji. Czarna lista skazanych nielegalne wytwarzanie i handel broni\u0105, kt\u00f3ra uniemo\u017cliwi\u0142aby im ponowne wchodzenie na rynek w innym kraju. Og\u00f3lnounijna \u201ebaza skazanych\u201d tak\u017ce znajduje si\u0119 na li\u015bcie wymienionych, dzi\u0119ki czemu w\u0142adze mog\u0105 \u0142atwo okre\u015bli\u0107, czy osoba staraj\u0105ca si\u0119 o pozwolenie na wytwarzanie lub dystrybucj\u0119 (tudzie\u017c ju\u017c istniej\u0105ce podmioty) ma wyroki w innych pa\u0144stwach cz\u0142onkowskich.<\/p>\n<blockquote>\n<p style=\"text-align: justify;\"><strong>Nasze wnioski<\/strong>: W\u0142\u0105czenie kolekcjoner\u00f3w, broker\u00f3w \u201cbroni poza obr\u0119bem dyrektywy\u201d nie pomo\u017ce ograniczy\u0107 nielegalnego handlu broni\u0105 i\/lub jej posiadania. Spowoduje tylko wi\u0119ksz\u0105 biurokracj\u0119, wy\u017csze koszty i wi\u0119ksz\u0105 ilo\u015b\u0107 pracy dla w\u0142adz, kt\u00f3rym ju\u017c teraz brakuje ludzi i czasu by skutecznie \u015bciga\u0107 przest\u0119pc\u00f3w.<\/p>\n<p style=\"text-align: justify;\">\u201eBaza os\u00f3b skazanych\u201d jest sprawiedliwszym i bardziej op\u0142acalnym rozwi\u0105zaniem \u00a0ni\u017c proponowana \u201ebaza odm\u00f3w wydania pozwole\u0144\u201d. Da ona dost\u0119p tak\u017ce do innych obszar\u00f3w, nie zwi\u0105zanych bezpo\u015brednio z broni\u0105 paln\u0105 (op\u0142acalno\u015b\u0107). Dodatkowo, podstawy do odmowy wydania pozwolenia w jednym pa\u0144stwie, jak Holandia, Wielka Brytania, czy Niemcy mog\u0105 by\u0107 niewystarczaj\u0105ce do odmowy w innym pa\u0144stwie takim jak Czechy, W\u0142ochy czy Norwegia (Sprawiedliwsze prawo). To, czy czarna lista nielegalnych handlarzy \/ wytw\u00f3rc\u00f3w jest przechowywana zewn\u0119trznie czy w bazie skazanych, to pytanie dla ekspert\u00f3w od IT. Podstawowym celem jest zapewnienie odpowiednim w\u0142adzom \u0142atwego dost\u0119pu to tych informacji.<\/p>\n<\/blockquote>\n<h3><strong>OGRANICZENIE PRZEST\u0118PCZO\u015aCI I TERORYZMU<\/strong><\/h3>\n<p style=\"text-align: justify;\">Przest\u0119pcy I terrory\u015bci zwykle szukaj\u0105 tzw. Mi\u0119kkich cel\u00f3w, to znaczy bezbronnych obywateli.<\/p>\n<p style=\"text-align: justify;\">Je\u015bli wprowadzone zostan\u0105 przepisy, kt\u00f3re ogranicz\u0105 legalny, licencjonowany handel, zakup i posiadanie broni b\u0105d\u017a poprzez zakaz b\u0105d\u017a przez wprowadzanie dodatkowych op\u0142at, Dyrektywa o Broni pozbawi bezbronnych, przestrzegaj\u0105cych prawa obywateli skutecznych narz\u0119dzi do obrony. Z tego powodu, grupa polityk\u00f3w, w tym prezydent Czech, aktualnie lobbuj\u0105 za przyj\u0119ciem izraelskiego modelu walki z terroryzmem: \u017c\u0105daj\u0105 wi\u0119cej pozwole\u0144 na\u00a0 ukryte noszenie dla praworz\u0105dnych obywateli<\/p>\n<p style=\"text-align: justify;\">Nawet ostatnie badania EU nad nielegalnym u\u017cyciem broni palnej (z Maja 2016), wykaza\u0142y, \u017ce legalne posiadanie broni mo\u017ce (potencjalnie) pom\u00f3c ograniczy\u0107 przest\u0119pczo\u015b\u0107.<\/p>\n<p style=\"text-align: justify;\">W sytuacji obrony koniecznej przeciwko przest\u0119pcom gdy w u\u017cyciu s\u0105 \u201etylko\u201d no\u017ce, do obra\u017ce\u0144 dochodzi w 50% wszystkich wypadk\u00f3w \u2013 w tym wiele \u015bmiertelnych. W przypadku obrony koniecznej przed przest\u0119pcami z u\u017cyciem broni palnej w 90% przypadk\u00f3w nie by\u0142o obra\u017ce\u0144. Sama gro\u017aba, jak\u0105 sygnalizuje strza\u0142 ostrzegawczy z broni palnej z regu\u0142y wystarcza \u017ceby po\u0142o\u017cy\u0107 kres atakowi. (Dane z USA)<\/p>\n<blockquote>\n<p style=\"text-align: justify;\"><strong><em>Nasze wnioski:<\/em><\/strong><em> Rozbrojenie praworz\u0105dnych obywateli, czy to poprzez zakazy czy przez zaostrzanie regulacji lub podnoszenie koszt\u00f3w, powoduje jedynie samob\u00f3jstwa tych, kt\u00f3rzy trac\u0105 \u017ar\u00f3d\u0142o utrzymania jako rezultat tych regulacji \u2013 jak mia\u0142o to miejsce w Wielkiej Brytanii po wprowadzeniu zakazu posiadani broni kr\u00f3tkiej.<\/em><\/p>\n<\/blockquote>","protected":false},"excerpt":{"rendered":"<p>Bruksela \u2013 16\/11\/2016 14:00 &#8211; 16:30 Konferencja na temat Dyrektywy w Parlamencie Europejskim Podczas tej konferencji dokonamy oceny wp\u0142ywu Dyrektywy na nielegalnych handlarzy broni\u0105, prywatnych posiadaczy broni i na cywilny rynek broni. Rozprawimy si\u0119 r\u00f3wnie\u017c z mitem o &#8222;szczeg\u00f3lnie gro\u017anych&#8221; rodzajach broni, oraz poka\u017cemy \u017ar\u00f3d\u0142a i pochodzenie broni nielegalnej. Komisja Europejska opublikowa\u0142a wniosek dotycz\u0105cy zmiany dyrektywy w sprawie broni palnej &#8230; <a href=\"https:\/\/www.firearms-united.com\/pl\/firearms-directive-conference\/\" class=\"more-link\">Read More<\/a><\/p>\n","protected":false},"author":2,"featured_media":1601,"parent":0,"menu_order":0,"comment_status":"closed","ping_status":"closed","template":"","meta":{"sfsi_plus_gutenberg_text_before_share":"","sfsi_plus_gutenberg_show_text_before_share":"","sfsi_plus_gutenberg_icon_type":"","sfsi_plus_gutenberg_icon_alignemt":"","sfsi_plus_gutenburg_max_per_row":""},"_links":{"self":[{"href":"https:\/\/www.firearms-united.com\/pl\/wp-json\/wp\/v2\/pages\/1594"}],"collection":[{"href":"https:\/\/www.firearms-united.com\/pl\/wp-json\/wp\/v2\/pages"}],"about":[{"href":"https:\/\/www.firearms-united.com\/pl\/wp-json\/wp\/v2\/types\/page"}],"author":[{"embeddable":true,"href":"https:\/\/www.firearms-united.com\/pl\/wp-json\/wp\/v2\/users\/2"}],"replies":[{"embeddable":true,"href":"https:\/\/www.firearms-united.com\/pl\/wp-json\/wp\/v2\/comments?post=1594"}],"version-history":[{"count":68,"href":"https:\/\/www.firearms-united.com\/pl\/wp-json\/wp\/v2\/pages\/1594\/revisions"}],"predecessor-version":[{"id":2828,"href":"https:\/\/www.firearms-united.com\/pl\/wp-json\/wp\/v2\/pages\/1594\/revisions\/2828"}],"wp:featuredmedia":[{"embeddable":true,"href":"https:\/\/www.firearms-united.com\/pl\/wp-json\/wp\/v2\/media\/1601"}],"wp:attachment":[{"href":"https:\/\/www.firearms-united.com\/pl\/wp-json\/wp\/v2\/media?parent=1594"}],"curies":[{"name":"wp","href":"https:\/\/api.w.org\/{rel}","templated":true}]}}