{"id":945,"date":"2016-06-07T14:04:51","date_gmt":"2016-06-07T12:04:51","guid":{"rendered":"http:\/\/firearms-united.com\/?page_id=945"},"modified":"2017-05-02T19:37:16","modified_gmt":"2017-05-02T17:37:16","slug":"background","status":"publish","type":"page","link":"https:\/\/www.firearms-united.com\/pt\/our-mission\/background\/","title":{"rendered":"BACKGROUND"},"content":{"rendered":"<p class=\"qtranxs-available-languages-message qtranxs-available-languages-message-pt\">Desculpe, este conte\u00fado s\u00f3 est\u00e1 dispon\u00edvel em <a href=\"https:\/\/www.firearms-united.com\/en\/wp-json\/wp\/v2\/pages\/945\" class=\"qtranxs-available-language-link qtranxs-available-language-link-en\" title=\"English\">Ingl\u00eas (Eua)<\/a>, <a href=\"https:\/\/www.firearms-united.com\/de\/wp-json\/wp\/v2\/pages\/945\" class=\"qtranxs-available-language-link qtranxs-available-language-link-de\" title=\"Deutsch\">Alem\u00e3o<\/a>, <a href=\"https:\/\/www.firearms-united.com\/it\/wp-json\/wp\/v2\/pages\/945\" class=\"qtranxs-available-language-link qtranxs-available-language-link-it\" title=\"Italiano\">Italiano<\/a>, <a href=\"https:\/\/www.firearms-united.com\/fr\/wp-json\/wp\/v2\/pages\/945\" class=\"qtranxs-available-language-link qtranxs-available-language-link-fr\" title=\"Fran\u00e7ais\">Franc\u00eas<\/a>, <a href=\"https:\/\/www.firearms-united.com\/es\/wp-json\/wp\/v2\/pages\/945\" class=\"qtranxs-available-language-link qtranxs-available-language-link-es\" title=\"Espa\u00f1ol\">Espanhol Europeu<\/a>, <a href=\"https:\/\/www.firearms-united.com\/fi\/wp-json\/wp\/v2\/pages\/945\" class=\"qtranxs-available-language-link qtranxs-available-language-link-fi\" title=\"suomi\">Finland\u00eas<\/a>, <a href=\"https:\/\/www.firearms-united.com\/pl\/wp-json\/wp\/v2\/pages\/945\" class=\"qtranxs-available-language-link qtranxs-available-language-link-pl\" title=\"Polski\">Polaco<\/a> e <a href=\"https:\/\/www.firearms-united.com\/et\/wp-json\/wp\/v2\/pages\/945\" class=\"qtranxs-available-language-link qtranxs-available-language-link-et\" title=\"Eesti\">Est\u00f3nio<\/a>. Por uma quest\u00e3o de conveni\u00eancia para o utilizador, o conte\u00fado \u00e9 mostrado abaixo no idioma por omiss\u00e3o para este site. Pode clicar numa das liga\u00e7\u00f5es para mudar o site para outro idioma dispon\u00edvel.<\/p><h2>Background Information<\/h2>\n<p>FIREARMS UNITED was founded Dariusz Dura, Andrzej Turczyn, Rafa\u0142 P\u0119cherzewski from Poland and Janusz Michalik, Katja Triebel from Germany in October 2013 when Cecilia Malmstr\u00f6m, former Commissioner of the DG HOME \u2013 Section for Interiors in the European Commission (COM) \u2013 presented her \u201cAction Plan on (against) Firearms\u201d.<\/p>\n<p><strong>FIREARMS UNITED brings together more than 100 million law-abiding gun owners in Europe. These include reservists, hunters, sport shooters, collectors, firearm dealers, manufacturers, security professionals, range operators and ordinary citizens who own not restricted weapons.<\/strong><\/p>\n<p>Our campaign against the Commission&#8217;s proposal to amend the Firearms Directive 91\/477:<\/p>\n<h2><a href=\"http:\/\/firearms-united.com\/2016\/06\/27\/whats-going-brussels\/\" target=\"_blank\" rel=\"noopener noreferrer\">What&#8217;s going on in Brussels? Available in four languages<\/a><\/h2>\n<h2>Our position:<\/h2>\n<p>The current Firearms Directive is an effective tool for security and does not unnecessarily obstruct legal activity. EU Member States that faithfully transposed the Directive into their national laws and applied proper enforcement enjoy positive results. What is necessary is further collaboration between Member States to learn from those that successfully applied the Directive effectively and to implement measures that harmonise the procedures for better control. That is the way to earn citizens\u2019 trust and cooperation in keeping Europe safe.<\/p>\n<p>We approve harmonising standards and rules for deactivation, blank weapons and markings.<\/p>\n<p>We disapprove the whole &#8220;Proposal for a Directive amending Council Directive 91\/477\/EEC&#8221;<\/p>\n<h3 style=\"padding-left: 30px;\"><a href=\"http:\/\/firearms-united.com\/wp-content\/uploads\/2016\/01\/Firearms-United-Open-Letter-MEPs.pdf\" target=\"_blank\" rel=\"noopener noreferrer\">DOWNLOAD PDF<\/a>\u00a0or read more: <a href=\"http:\/\/firearms-united.com\/2016\/01\/02\/open-letter-to-members-of-european-parliament\/\">here<\/a><\/h3>\n<p>At the moment we are an independent \u201c<strong>Online Campaign Network<\/strong>\u201d which is supported by lots of registered national associations. The next step for a worldwide registered association is in progress. Since 2013 we\u00a0are publishing facts of the benefit of legal gun ownership. Since 2015 we actively fight against the proposal of the European Commission.<\/p>\n<h3 style=\"padding-left: 30px;\"><a href=\"http:\/\/firearms-united.com\/our-mission\/references\/\" target=\"_blank\" rel=\"noopener noreferrer\">FIREARMS UNITED in Media<\/a><\/h3>\n<p>We knew that the Commission\u00a0wanted to implement stricter rules for legal gun ownership. When the Flemish Peace Institute presented its biased \u201cstudy\u201d on gun ownership and gun crime in July 2015 with support of the DG Home we knew that it\u2019s time to counteract. That is the reason why we published our well visited Firearm Reports during the next months.<\/p>\n<h2>Our reports<\/h2>\n<ul>\n<li>Firearms Report I: <a href=\"http:\/\/firearms-united.com\/2015\/08\/13\/firearms-report-i\/\">The European Gun Debate<\/a><\/li>\n<li>Firearms Report II : <a href=\"http:\/\/firearms-united.com\/wp-content\/uploads\/2013\/11\/Firearms_ReportII-Gun_Ownership_in_Europe.pdf\">Gun Ownership in Europe<\/a><\/li>\n<li>Firearms Report III: <a href=\"http:\/\/firearms-united.com\/wp-content\/uploads\/2013\/11\/marini.pdf\">History of EC\u2019s Action Plan on Firearms<\/a><\/li>\n<li>Firearms Report IV: <a href=\"http:\/\/firearms-united.com\/wp-content\/uploads\/2013\/11\/Report-Homicide-Suicide.pdf\">Report Homicide and Suicide\u00a0<\/a><\/li>\n<li><a href=\"http:\/\/firearms-united.com\/2016\/05\/29\/legislative-procedure\/\" target=\"_blank\" rel=\"noopener noreferrer\">Legislative Procedure in EU explained<br \/>\n<\/a><strong>avaiable in four languages<\/strong><\/li>\n<li>Firearms Report V: <a href=\"http:\/\/firearms-united.com\/wp-content\/uploads\/2016\/06\/Impact-Assessment.pdf\" target=\"_blank\" rel=\"noopener noreferrer\">Impact Assessment<\/a>\u00a0(short <a href=\"http:\/\/firearms-united.com\/wp-content\/uploads\/2016\/06\/Impact-Assessment-short.pdf\" target=\"_blank\" rel=\"noopener noreferrer\">summary<\/a>)<\/li>\n<\/ul>\n<h2>Ours answers to EU<\/h2>\n<ul>\n<li class=\"entry-title\"><a href=\"http:\/\/firearms-united.com\/2016\/07\/13\/no-hc-mag-ban\/\" target=\"_blank\" rel=\"noopener noreferrer\">FIREARMS UNITED&#8217;s Answer to High Capicity Magazines and Folding Stocks<\/a><\/li>\n<li class=\"entry-title\"><a href=\"http:\/\/firearms-united.com\/2016\/04\/06\/firearms-uniteds-answers-to-imcos-draft\/\" rel=\"bookmark\">FIREARMS UNITED\u2019S Answer to IMCO\u2019s Draft<\/a><\/li>\n<li class=\"entry-title\"><a href=\"http:\/\/firearms-united.com\/2016\/05\/13\/eu-firearms-directive\/\" rel=\"bookmark\">FIREARMS UNITED\u2019s Answer to the European Commission<\/a><\/li>\n<li class=\"entry-title\"><a href=\"http:\/\/firearms-united.com\/2016\/05\/16\/firearms-uniteds-answer-iure-subsidarity\/\" rel=\"bookmark\">FIREARMS UNITED\u2019s Answer to JURI : Subsidiarity of EU Gunban<\/a><\/li>\n<li class=\"entry-title\"><a href=\"http:\/\/firearms-united.com\/2016\/05\/18\/firearms-uniteds-reasons-rejecting-proposal\/\" rel=\"bookmark\">FIREARMS UNITED\u2019s Reasons for Rejecting Proposal<\/a><\/li>\n<li class=\"entry-title\"><a href=\"http:\/\/firearms-united.com\/2016\/04\/03\/how-to-decrease-firearms-related-death\/\" rel=\"bookmark\">How to decrease firearms-related death?<\/a><\/li>\n<li class=\"entry-title\"><a href=\"http:\/\/firearms-united.com\/2016\/03\/20\/eu-we-have-a-problem-but-you-hit-the-wrong-target\/\" rel=\"bookmark\">EU, we have a problem \u2013 but you hit the wrong targets!<br \/>\n<\/a><strong>avaiable in seven languages<\/strong><\/li>\n<li class=\"entry-title\"><a href=\"http:\/\/firearms-united.com\/2014\/12\/13\/eu-study-marking-deactivation-and-conversion-of-firearms\/\" target=\"_blank\" rel=\"noopener noreferrer\">EU study on marking, deactivation and conversion of firearms<\/a><\/li>\n<li class=\"entry-title\"><a href=\"http:\/\/firearms-united.com\/2014\/03\/16\/illicit-trafficking\/\" rel=\"bookmark\">The Protocol against the Illicit Manufacturing<\/a><\/li>\n<\/ul>\n<h2>Our answers to terrorism and crime<\/h2>\n<ul>\n<li class=\"entry-title\"><a href=\"http:\/\/firearms-united.com\/2015\/01\/18\/active-shooters\/\" target=\"_blank\" rel=\"noopener noreferrer\">Active Shooters : Threat and Defense for soft targets<\/a><\/li>\n<li class=\"entry-title\">\n<p class=\"entry-title\"><a href=\"http:\/\/firearms-united.com\/2015\/06\/27\/long-term-historical-trends-in-violent-crime\/\" rel=\"bookmark\">Long-Term Historical Trends in Violent Crime<\/a><\/p>\n<\/li>\n<\/ul>\n<p class=\"entry-title\">The Action Plan against gun ownership was scheduled for 2016 to 2018. We assumed that the terroristic attacks in Paris I (January 2015) and Paris II (November 2015) will be misused for more control on legal gun owners, but we did not expect that the European Commission would use outright lies. During the last six months we learned that Commission and also Ministers of Interiors are just doing this.<\/p>\n<p>They are using lies, false arguments, exageration of facts for stricter rules for legal tax-paying gun owners \u2013 but doing nothing for the combat of illicit trafficking of firearms by criminals.<\/p>\n<h2>Our petition<\/h2>\n<p>FIREARMS UNITED supported immedeately the<a href=\"https:\/\/www.change.org\/p\/council-of-the-european-union-eu-you-cannot-stop-terrorism-by-restricting-legal-gun-ownership\"> petition \u201cEU : You cannot stop terrorism by restricting legal gun ownership\u201d<\/a> which has now more than 325.000 signatures. This one had been started by an IPSC-Shooter from Belgium \u2013 Stijn van Damn, who gave it to our speaker Katja Triebel after four weeks after she contacted him and invited him in our team.<\/p>\n<div id=\"attachment_921\" style=\"width: 429px\" class=\"wp-caption alignnone\"><a href=\"https:\/\/www.change.org\/p\/council-of-the-european-union-eu-you-cannot-stop-terrorism-by-restricting-legal-gun-ownership\"><img aria-describedby=\"caption-attachment-921\" decoding=\"async\" loading=\"lazy\" class=\"size-full wp-image-921\" src=\"http:\/\/firearms-united.com\/wp-content\/uploads\/2016\/06\/gunban.jpg\" alt=\"Sign our petition!\" width=\"419\" height=\"286\" srcset=\"https:\/\/www.firearms-united.com\/wp-content\/uploads\/2016\/06\/gunban.jpg 419w, https:\/\/www.firearms-united.com\/wp-content\/uploads\/2016\/06\/gunban-300x205.jpg 300w\" sizes=\"(max-width: 419px) 100vw, 419px\" \/><\/a><p id=\"caption-attachment-921\" class=\"wp-caption-text\">Sign our petition!<\/p><\/div>\n<h2>Our partners and supporters<\/h2>\n<p>FIREARMS UNITED was able to get partners worldwide. As some of our partners are from South America, Australia, Canada, South Africa, Russia, Ukraine, Serbia, Moldovia, Switzerland, Phillipines and India we expanded our goal from European gun owners to worldwide gun owners.<\/p>\n<p>FIREARMS UNITED was also able to found <a href=\"http:\/\/firearms-united.com\/our-mission\/\">national chapters <\/a>in countries where the \u201cold\u201d associations did not accept partnerships, e.g. in Finland, Sweden, Belgium, France, Greece, Hungary, Italy, Ireland, Portugal, Romania, Sweden, Coratia and the US.<\/p>\n<p>FIREARMS UNITED is very proud to have active\u00a0<a href=\"http:\/\/firearms-united.com\/category\/partners\/\">partners <\/a>in EU Member States as in Poland, Germany, UK, Austria, Spain, Romania, Czech Republik, Greece, France, Slovakia, Latvia and Italy who openly fight against the proposal of the European Commission.<\/p>\n<p><strong>Whilst most of our partners have authorised associations with payment-memberships, our head quarter and also our national chapters have no financial support by members or supporter. That is the reason why we collect money for our &#8220;<a href=\"http:\/\/firearms-united.com\/2016\/06\/07\/donate\/\">Fighting Fund&#8221;<\/a>\u00a0by our partner ANARMA.<\/strong><\/p>\n<p>&nbsp;","protected":false},"excerpt":{"rendered":"<p>Desculpe, este conte\u00fado s\u00f3 est\u00e1 dispon\u00edvel em Ingl\u00eas (Eua), Alem\u00e3o, Italiano, Franc\u00eas, Espanhol Europeu, Finland\u00eas, Polaco e Est\u00f3nio. Por uma quest\u00e3o de conveni\u00eancia para o utilizador, o conte\u00fado \u00e9 mostrado abaixo no idioma por omiss\u00e3o para este site. Pode clicar numa das liga\u00e7\u00f5es para mudar o site para outro idioma dispon\u00edvel.Background Information FIREARMS UNITED was founded Dariusz Dura, Andrzej Turczyn, &#8230; <a href=\"https:\/\/www.firearms-united.com\/pt\/our-mission\/background\/\" class=\"more-link\">Read More<\/a><\/p>\n","protected":false},"author":5,"featured_media":0,"parent":10,"menu_order":3,"comment_status":"closed","ping_status":"closed","template":"","meta":{"sfsi_plus_gutenberg_text_before_share":"","sfsi_plus_gutenberg_show_text_before_share":"","sfsi_plus_gutenberg_icon_type":"","sfsi_plus_gutenberg_icon_alignemt":"","sfsi_plus_gutenburg_max_per_row":""},"_links":{"self":[{"href":"https:\/\/www.firearms-united.com\/pt\/wp-json\/wp\/v2\/pages\/945"}],"collection":[{"href":"https:\/\/www.firearms-united.com\/pt\/wp-json\/wp\/v2\/pages"}],"about":[{"href":"https:\/\/www.firearms-united.com\/pt\/wp-json\/wp\/v2\/types\/page"}],"author":[{"embeddable":true,"href":"https:\/\/www.firearms-united.com\/pt\/wp-json\/wp\/v2\/users\/5"}],"replies":[{"embeddable":true,"href":"https:\/\/www.firearms-united.com\/pt\/wp-json\/wp\/v2\/comments?post=945"}],"version-history":[{"count":16,"href":"https:\/\/www.firearms-united.com\/pt\/wp-json\/wp\/v2\/pages\/945\/revisions"}],"predecessor-version":[{"id":2483,"href":"https:\/\/www.firearms-united.com\/pt\/wp-json\/wp\/v2\/pages\/945\/revisions\/2483"}],"up":[{"embeddable":true,"href":"https:\/\/www.firearms-united.com\/pt\/wp-json\/wp\/v2\/pages\/10"}],"wp:attachment":[{"href":"https:\/\/www.firearms-united.com\/pt\/wp-json\/wp\/v2\/media?parent=945"}],"curies":[{"name":"wp","href":"https:\/\/api.w.org\/{rel}","templated":true}]}}