{"id":936,"date":"2016-06-07T13:35:51","date_gmt":"2016-06-07T11:35:51","guid":{"rendered":"http:\/\/firearms-united.com\/?page_id=936"},"modified":"2016-11-22T07:19:05","modified_gmt":"2016-11-22T06:19:05","slug":"act-together","status":"publish","type":"page","link":"https:\/\/www.firearms-united.com\/ro\/our-mission\/act-together\/","title":{"rendered":"ACT TOGETHER"},"content":{"rendered":"<p class=\"qtranxs-available-languages-message qtranxs-available-languages-message-ro\">Din p\u0103cate acest articol este disponibil doar \u00een <a href=\"https:\/\/www.firearms-united.com\/en\/wp-json\/wp\/v2\/pages\/936\" class=\"qtranxs-available-language-link qtranxs-available-language-link-en\" title=\"English\">Englez\u0103 American\u0103<\/a>, <a href=\"https:\/\/www.firearms-united.com\/de\/wp-json\/wp\/v2\/pages\/936\" class=\"qtranxs-available-language-link qtranxs-available-language-link-de\" title=\"Deutsch\">German\u0103<\/a>, <a href=\"https:\/\/www.firearms-united.com\/it\/wp-json\/wp\/v2\/pages\/936\" class=\"qtranxs-available-language-link qtranxs-available-language-link-it\" title=\"Italiano\">Italian\u0103<\/a>, <a href=\"https:\/\/www.firearms-united.com\/fr\/wp-json\/wp\/v2\/pages\/936\" class=\"qtranxs-available-language-link qtranxs-available-language-link-fr\" title=\"Fran\u00e7ais\">Francez\u0103<\/a>, <a href=\"https:\/\/www.firearms-united.com\/es\/wp-json\/wp\/v2\/pages\/936\" class=\"qtranxs-available-language-link qtranxs-available-language-link-es\" title=\"Espa\u00f1ol\">Spaniol\u0103 European\u0103<\/a>, <a href=\"https:\/\/www.firearms-united.com\/fi\/wp-json\/wp\/v2\/pages\/936\" class=\"qtranxs-available-language-link qtranxs-available-language-link-fi\" title=\"suomi\">Finlandez\u0103<\/a>, <a href=\"https:\/\/www.firearms-united.com\/pl\/wp-json\/wp\/v2\/pages\/936\" class=\"qtranxs-available-language-link qtranxs-available-language-link-pl\" title=\"Polski\">Polonez\u0103<\/a>, <a href=\"https:\/\/www.firearms-united.com\/et\/wp-json\/wp\/v2\/pages\/936\" class=\"qtranxs-available-language-link qtranxs-available-language-link-et\" title=\"Eesti\">Estonian\u0103<\/a>, <a href=\"https:\/\/www.firearms-united.com\/pt\/wp-json\/wp\/v2\/pages\/936\" class=\"qtranxs-available-language-link qtranxs-available-language-link-pt\" title=\"Portugu\u00eas\">Portughez\u0103 European\u0103<\/a>, <a href=\"https:\/\/www.firearms-united.com\/sv\/wp-json\/wp\/v2\/pages\/936\" class=\"qtranxs-available-language-link qtranxs-available-language-link-sv\" title=\"Svenska\">Suedez\u0103<\/a> \u0219i <a href=\"https:\/\/www.firearms-united.com\/cz\/wp-json\/wp\/v2\/pages\/936\" class=\"qtranxs-available-language-link qtranxs-available-language-link-cz\" title=\"\u010desk\u00fd\">\u010desk\u00fd<\/a>. For the sake of viewer convenience, the content is shown below in this site default language. You may click one of the links to switch the site language to another available language.<\/p><h1>JOIN OUR SOCIETY<\/h1>\n<p>FIREARMS UNITED brings together more than 100 million law-abiding gun owners in Europe. These include reservists, hunters, sport shooters, collectors, firearm dealers, manufacturers, security professionals, range operators and ordinary citizens who own not restricted weapons.<\/p>\n<h3>Read our\u00a0<a href=\"http:\/\/firearms-united.com\/2016\/01\/02\/open-letter-to-members-of-european-parliament\/\" target=\"_blank\">Open Letter to Members of European Parliament<\/a> from November.<\/h3>\n<h3><strong>Join us a a member.\u00a0<\/strong><\/h3>\n<p style=\"padding-left: 30px;\"><a href=\"http:\/\/firearms-united.com\/be-a-member\/\" target=\"_blank\">Sign in with your nick and country here.<\/a><\/p>\n<h3><strong>Follow and join us on facebook<\/strong><\/h3>\n<p style=\"padding-left: 30px;\">We post all daily news and updates in our\u00a0<a href=\"https:\/\/www.facebook.com\/FirearmsUnited\" target=\"_blank\">Facebook fanpage here<\/a>.<\/p>\n<h3>Follow and join your National Chapter<\/h3>\n<p style=\"padding-left: 30px;\">Click on the links below to follow also your <strong>National Chapter of FIREARMS UNITED<\/strong>\u00a0in your country.<\/p>\n<h3>Follow and join our national<a href=\"http:\/\/firearms-united.com\/category\/partners\/\"> PARTNERS<\/a>\u00a0in<\/h3>\n<p style=\"padding-left: 30px;\">France, Italy, Serbia, Moldova, Latvia, Poland, Slovakia, Australia, Canada, India, Russia, Greece, Switzerland, South Africa, South\/Middle America, Czech Republic, Ukrania, Romania, Spain, Austria, United Kingdom, Germany or Poland.<\/p>\n<h3>Support us with a small <a href=\"http:\/\/firearms-united.com\/2016\/06\/07\/donate\/\" target=\"_blank\">donation<\/a><\/h3>\n<p style=\"padding-left: 30px;\">Established collaborating organisations such as FESAC and ANARMA, as well as individual team members, are exhausting their funds which are badly required to sustain their efforts. This is where YOU can make a difference and show your appreciation for the sterling work being done by our colleagues<\/p>\n<p><img decoding=\"async\" loading=\"lazy\" class=\"alignleft wp-image-472 size-full\" src=\"http:\/\/firearms-united.com\/wp-content\/uploads\/2013\/11\/FUmapa-1.jpg\" alt=\"FUmapa\" width=\"3326\" height=\"2500\" srcset=\"https:\/\/www.firearms-united.com\/wp-content\/uploads\/2013\/11\/FUmapa-1.jpg 3326w, https:\/\/www.firearms-united.com\/wp-content\/uploads\/2013\/11\/FUmapa-1-300x225.jpg 300w, https:\/\/www.firearms-united.com\/wp-content\/uploads\/2013\/11\/FUmapa-1-768x577.jpg 768w, https:\/\/www.firearms-united.com\/wp-content\/uploads\/2013\/11\/FUmapa-1-1024x770.jpg 1024w, https:\/\/www.firearms-united.com\/wp-content\/uploads\/2013\/11\/FUmapa-1-624x469.jpg 624w\" sizes=\"(max-width: 3326px) 100vw, 3326px\" \/><\/p>\n<hr \/>\n<p><a href=\"https:\/\/www.facebook.com\/FirearmsUnitedAustria\" target=\"_blank\">Firearms United AUSTRIA<\/a><\/p>\n<p><a href=\"https:\/\/www.facebook.com\/FirearmsUnitedBelgium\/\" target=\"_blank\">Firearms United &#8211; BELGIE &#8211; BELGIQUE<\/a><\/p>\n<p><a href=\"https:\/\/www.facebook.com\/Firearms-United-Croatia-1512949822332469\" target=\"_blank\">Firearms United CROATIA<\/a><\/p>\n<p><a href=\"https:\/\/www.facebook.com\/Firearms-United-Denmark-782640321862647\" target=\"_blank\">Firearms United DENMARK<\/a><\/p>\n<p><a href=\"https:\/\/www.facebook.com\/firearmsunitedestonia\" target=\"_blank\">Firearms United ESTONIA<\/a><\/p>\n<p><a href=\"https:\/\/www.facebook.com\/FirearmsUnitedFinland\" target=\"_blank\">Firearms United FINLAND<\/a><\/p>\n<p><a href=\"https:\/\/www.facebook.com\/FirearmsUnitedFrance\" target=\"_blank\">Firearms United FRANCE<\/a><\/p>\n<p><a href=\"https:\/\/www.facebook.com\/FirearmsUnitedGermany\" target=\"_blank\">Firearms United GERMANY<\/a><\/p>\n<p><a href=\"https:\/\/www.facebook.com\/firearmsunitedgreece\" target=\"_blank\">Firearms United GREECE<\/a><\/p>\n<p><a href=\"https:\/\/www.facebook.com\/FirearmsUnitedHungary\" target=\"_blank\">Firearms United HUNGARY<\/a><\/p>\n<p><a href=\"https:\/\/www.facebook.com\/Firearmsuniteditalia\" target=\"_blank\">Firearms United ITALIA<\/a><\/p>\n<p><a href=\"https:\/\/www.facebook.com\/FirearmsUnitedIreland\" target=\"_blank\">Firearms United IRELAND<\/a><\/p>\n<p><a href=\"https:\/\/www.facebook.com\/FirearmsUnitedLuxembourg\" target=\"_blank\">Firearms United LUXEMBOURG<\/a><\/p>\n<p><a href=\"https:\/\/www.facebook.com\/Firearms-United-Malta-551226328359543\" target=\"_blank\">Firearms United MALTA<\/a><\/p>\n<p><a href=\"https:\/\/www.facebook.com\/FirearmsUnitedNetherlands\/?fref=ts\">Firearms United NETHERLANDS<\/a><\/p>\n<p><a href=\"https:\/\/www.facebook.com\/FirearmsUnitedPoland\" target=\"_blank\">Firearms United POLAND<\/a><\/p>\n<p><a href=\"https:\/\/www.facebook.com\/FirearmsUnitedPortugal\" target=\"_blank\">Firearms United PORTUGAL<\/a><\/p>\n<p><a href=\"https:\/\/www.facebook.com\/FirearmsUnitedRomania\" target=\"_blank\">Firearms United ROMANIA<\/a><\/p>\n<p><a href=\"https:\/\/www.facebook.com\/Firearms-United-Slovenia-1670120286568922\" target=\"_blank\">Firearms United SLOVENIA<\/a><\/p>\n<p><a href=\"https:\/\/www.facebook.com\/FirearmsUnitedSweden\" target=\"_blank\">Firearms United SWEDEN<\/a><\/p>\n<p><a href=\"https:\/\/www.facebook.com\/Firearms-United-US-1641364252783274\" target=\"_blank\">Firearms United UNITED STATES OF AMERICA<\/a><\/p>\n<h1><\/h1>","protected":false},"excerpt":{"rendered":"<p>Din p\u0103cate acest articol este disponibil doar \u00een Englez\u0103 American\u0103, German\u0103, Italian\u0103, Francez\u0103, Spaniol\u0103 European\u0103, Finlandez\u0103, Polonez\u0103, Estonian\u0103, Portughez\u0103 European\u0103, Suedez\u0103 \u0219i \u010desk\u00fd. For the sake of viewer convenience, the content is shown below in this site default language. You may click one of the links to switch the site language to another available language.JOIN OUR SOCIETY FIREARMS UNITED brings &#8230; <a href=\"https:\/\/www.firearms-united.com\/ro\/our-mission\/act-together\/\" class=\"more-link\">Read More<\/a><\/p>\n","protected":false},"author":5,"featured_media":0,"parent":10,"menu_order":2,"comment_status":"closed","ping_status":"closed","template":"","meta":{"sfsi_plus_gutenberg_text_before_share":"","sfsi_plus_gutenberg_show_text_before_share":"","sfsi_plus_gutenberg_icon_type":"","sfsi_plus_gutenberg_icon_alignemt":"","sfsi_plus_gutenburg_max_per_row":""},"_links":{"self":[{"href":"https:\/\/www.firearms-united.com\/ro\/wp-json\/wp\/v2\/pages\/936"}],"collection":[{"href":"https:\/\/www.firearms-united.com\/ro\/wp-json\/wp\/v2\/pages"}],"about":[{"href":"https:\/\/www.firearms-united.com\/ro\/wp-json\/wp\/v2\/types\/page"}],"author":[{"embeddable":true,"href":"https:\/\/www.firearms-united.com\/ro\/wp-json\/wp\/v2\/users\/5"}],"replies":[{"embeddable":true,"href":"https:\/\/www.firearms-united.com\/ro\/wp-json\/wp\/v2\/comments?post=936"}],"version-history":[{"count":14,"href":"https:\/\/www.firearms-united.com\/ro\/wp-json\/wp\/v2\/pages\/936\/revisions"}],"predecessor-version":[{"id":1857,"href":"https:\/\/www.firearms-united.com\/ro\/wp-json\/wp\/v2\/pages\/936\/revisions\/1857"}],"up":[{"embeddable":true,"href":"https:\/\/www.firearms-united.com\/ro\/wp-json\/wp\/v2\/pages\/10"}],"wp:attachment":[{"href":"https:\/\/www.firearms-united.com\/ro\/wp-json\/wp\/v2\/media?parent=936"}],"curies":[{"name":"wp","href":"https:\/\/api.w.org\/{rel}","templated":true}]}}